{"id":7,"date":"2025-11-07T03:12:08","date_gmt":"2025-11-07T03:12:08","guid":{"rendered":"https:\/\/myr5.e28.help\/?page_id=7"},"modified":"2026-04-29T14:50:21","modified_gmt":"2026-04-29T14:50:21","slug":"home","status":"publish","type":"page","link":"https:\/\/myr5.e28.help\/","title":{"rendered":""},"content":{"rendered":"\t\t<div data-elementor-type=\"wp-page\" data-elementor-id=\"7\" class=\"elementor elementor-7\">\n\t\t\t\t<div class=\"elementor-element elementor-element-0064ed7 e-con-full e-flex e-con e-parent\" data-id=\"0064ed7\" data-element_type=\"container\" data-e-type=\"container\" id=\"hero-stage\" data-settings=\"{&quot;background_background&quot;:&quot;classic&quot;}\">\n\t\t\t\t<div class=\"elementor-element elementor-element-3ae7d08 elementor-absolute elementor-widget elementor-widget-image\" data-id=\"3ae7d08\" data-element_type=\"widget\" data-e-type=\"widget\" id=\"phone\" data-settings=\"{&quot;_position&quot;:&quot;absolute&quot;}\" data-widget_type=\"image.default\">\n\t\t\t\t\t\t\t\t\t\t\t\t\t\t\t<img fetchpriority=\"high\" decoding=\"async\" width=\"352\" height=\"459\" src=\"https:\/\/myr5.e28.help\/wp-content\/uploads\/2025\/11\/phone-1.gif\" class=\"attachment-full size-full wp-image-237\" alt=\"\" \/>\t\t\t\t\t\t\t\t\t\t\t\t\t\t\t<\/div>\n\t\t\t\t<div class=\"elementor-element elementor-element-d9913c2 elementor-widget__width-initial elementor-absolute elementor-widget elementor-widget-image\" data-id=\"d9913c2\" data-element_type=\"widget\" data-e-type=\"widget\" id=\"fig\" data-settings=\"{&quot;_position&quot;:&quot;absolute&quot;}\" data-widget_type=\"image.default\">\n\t\t\t\t\t\t\t\t\t\t\t\t\t\t\t<img decoding=\"async\" width=\"635\" height=\"720\" src=\"https:\/\/myr5.e28.help\/wp-content\/uploads\/2025\/11\/Slot-1.gif\" class=\"attachment-full size-full wp-image-234\" alt=\"\" \/>\t\t\t\t\t\t\t\t\t\t\t\t\t\t\t<\/div>\n\t\t\t\t<div class=\"elementor-element elementor-element-2333e85 elementor-absolute elementor-widget elementor-widget-image\" data-id=\"2333e85\" data-element_type=\"widget\" data-e-type=\"widget\" id=\"headline\" data-settings=\"{&quot;_position&quot;:&quot;absolute&quot;}\" data-widget_type=\"image.default\">\n\t\t\t\t\t\t\t\t\t\t\t\t\t\t\t<img decoding=\"async\" width=\"640\" height=\"380\" src=\"https:\/\/myr5.e28.help\/wp-content\/uploads\/2025\/11\/EN-Headline-640x380-2.gif\" class=\"attachment-full size-full wp-image-235\" alt=\"\" \/>\t\t\t\t\t\t\t\t\t\t\t\t\t\t\t<\/div>\n\t\t\t\t<div class=\"elementor-element elementor-element-b63b098 elementor-absolute elementor-widget elementor-widget-image\" data-id=\"b63b098\" data-element_type=\"widget\" data-e-type=\"widget\" id=\"cta\" data-settings=\"{&quot;_position&quot;:&quot;absolute&quot;}\" data-widget_type=\"image.default\">\n\t\t\t\t\t\t\t\t\t\t\t\t\t\t\t\t<a href=\"https:\/\/data.e2tracking.com\/efb76798-5c19-4dfa-a7ab-941918cd0736?pubid=%7Bpubid%7D&#038;campaignid=%7Bcampaignid%7D&#038;device=%7Bdevice%7D&#038;country=%7Bcountry%7D&#038;zone=%7Bzone%7D&#038;payout=%7Bpayout%7D&#038;clickid=%7Bclickid%7D\">\n\t\t\t\t\t\t\t<img loading=\"lazy\" decoding=\"async\" width=\"313\" height=\"85\" src=\"https:\/\/myr5.e28.help\/wp-content\/uploads\/2025\/11\/Button-1.gif\" class=\"attachment-full size-full wp-image-236\" alt=\"\" \/>\t\t\t\t\t\t\t\t<\/a>\n\t\t\t\t\t\t\t\t\t\t\t\t\t\t\t<\/div>\n\t\t\t\t<div class=\"elementor-element elementor-element-ea6f2d0 elementor-widget elementor-widget-heading\" data-id=\"ea6f2d0\" data-element_type=\"widget\" data-e-type=\"widget\" data-widget_type=\"heading.default\">\n\t\t\t\t\t<h2 class=\"elementor-heading-title elementor-size-default\">Game Partner<\/h2>\t\t\t\t<\/div>\n\t\t\t\t<div class=\"elementor-element elementor-element-4e0cbf2 elementor-widget__width-initial elementor-widget elementor-widget-image\" data-id=\"4e0cbf2\" data-element_type=\"widget\" data-e-type=\"widget\" data-widget_type=\"image.default\">\n\t\t\t\t\t\t\t\t\t\t\t\t\t\t\t\t<a href=\"https:\/\/data.e2tracking.com\/efb76798-5c19-4dfa-a7ab-941918cd0736?pubid=%7Bpubid%7D&#038;campaignid=%7Bcampaignid%7D&#038;device=%7Bdevice%7D&#038;country=%7Bcountry%7D&#038;zone=%7Bzone%7D&#038;payout=%7Bpayout%7D&#038;clickid=%7Bclickid%7D\">\n\t\t\t\t\t\t\t<img loading=\"lazy\" decoding=\"async\" width=\"1500\" height=\"248\" src=\"https:\/\/myr5.e28.help\/wp-content\/uploads\/2025\/11\/Logo.gif\" class=\"attachment-1536x1536 size-1536x1536 wp-image-238\" alt=\"\" \/>\t\t\t\t\t\t\t\t<\/a>\n\t\t\t\t\t\t\t\t\t\t\t\t\t\t\t<\/div>\n\t\t\t\t<div class=\"elementor-element elementor-element-9fd0dea elementor-widget__width-initial elementor-widget elementor-widget-image-carousel\" data-id=\"9fd0dea\" data-element_type=\"widget\" data-e-type=\"widget\" data-settings=\"{&quot;slides_to_scroll&quot;:&quot;1&quot;,&quot;navigation&quot;:&quot;none&quot;,&quot;slides_to_scroll_mobile&quot;:&quot;1&quot;,&quot;autoplay_speed&quot;:500,&quot;speed&quot;:800,&quot;autoplay&quot;:&quot;yes&quot;,&quot;pause_on_interaction&quot;:&quot;yes&quot;,&quot;infinite&quot;:&quot;yes&quot;}\" data-widget_type=\"image-carousel.default\">\n\t\t\t\t\t\t\t<div class=\"elementor-image-carousel-wrapper swiper\" role=\"region\" aria-roledescription=\"carousel\" aria-label=\"Image Carousel\" dir=\"ltr\">\n\t\t\t<div class=\"elementor-image-carousel swiper-wrapper\" aria-live=\"off\">\n\t\t\t\t\t\t\t\t<div class=\"swiper-slide\" role=\"group\" aria-roledescription=\"slide\" aria-label=\"1 of 4\"><a data-elementor-open-lightbox=\"yes\" data-elementor-lightbox-slideshow=\"9fd0dea\" data-elementor-lightbox-title=\"Gates Of Olympus 1000 Dice\" data-e-action-hash=\"#elementor-action%3Aaction%3Dlightbox%26settings%3DeyJpZCI6MjE3LCJ1cmwiOiJodHRwczpcL1wvbXlyNS5lMjguaGVscFwvd3AtY29udGVudFwvdXBsb2Fkc1wvMjAyNVwvMTFcL0dhdGVzLU9mLU9seW1wdXMtMTAwMC1EaWNlLmpwZyIsInNsaWRlc2hvdyI6IjlmZDBkZWEifQ%3D%3D\" href=\"https:\/\/data.e2tracking.com\/efb76798-5c19-4dfa-a7ab-941918cd0736?pubid=%7Bpubid%7D&#038;campaignid=%7Bcampaignid%7D&#038;device=%7Bdevice%7D&#038;country=%7Bcountry%7D&#038;zone=%7Bzone%7D&#038;payout=%7Bpayout%7D&#038;clickid=%7Bclickid%7D\"><figure class=\"swiper-slide-inner\"><img decoding=\"async\" class=\"swiper-slide-image\" src=\"https:\/\/myr5.e28.help\/wp-content\/uploads\/2025\/11\/Gates-Of-Olympus-1000-Dice-300x300.jpg\" alt=\"Gates Of Olympus 1000 Dice\" \/><\/figure><\/a><\/div><div class=\"swiper-slide\" role=\"group\" aria-roledescription=\"slide\" aria-label=\"2 of 4\"><a data-elementor-open-lightbox=\"yes\" data-elementor-lightbox-slideshow=\"9fd0dea\" data-elementor-lightbox-title=\"Sugar Rush\" data-e-action-hash=\"#elementor-action%3Aaction%3Dlightbox%26settings%3DeyJpZCI6MjE4LCJ1cmwiOiJodHRwczpcL1wvbXlyNS5lMjguaGVscFwvd3AtY29udGVudFwvdXBsb2Fkc1wvMjAyNVwvMTFcL1N1Z2FyLVJ1c2guanBnIiwic2xpZGVzaG93IjoiOWZkMGRlYSJ9\" href=\"https:\/\/data.e2tracking.com\/efb76798-5c19-4dfa-a7ab-941918cd0736?pubid=%7Bpubid%7D&#038;campaignid=%7Bcampaignid%7D&#038;device=%7Bdevice%7D&#038;country=%7Bcountry%7D&#038;zone=%7Bzone%7D&#038;payout=%7Bpayout%7D&#038;clickid=%7Bclickid%7D\"><figure class=\"swiper-slide-inner\"><img decoding=\"async\" class=\"swiper-slide-image\" src=\"https:\/\/myr5.e28.help\/wp-content\/uploads\/2025\/11\/Sugar-Rush-300x300.jpg\" alt=\"Sugar Rush\" \/><\/figure><\/a><\/div><div class=\"swiper-slide\" role=\"group\" aria-roledescription=\"slide\" aria-label=\"3 of 4\"><a data-elementor-open-lightbox=\"yes\" data-elementor-lightbox-slideshow=\"9fd0dea\" data-elementor-lightbox-title=\"DRAGOONSOFT - Zhen Long Ju Bao\" data-e-action-hash=\"#elementor-action%3Aaction%3Dlightbox%26settings%3DeyJpZCI6MjE5LCJ1cmwiOiJodHRwczpcL1wvbXlyNS5lMjguaGVscFwvd3AtY29udGVudFwvdXBsb2Fkc1wvMjAyNVwvMTFcL0RSQUdPT05TT0ZULVpoZW4tTG9uZy1KdS1CYW8uanBnIiwic2xpZGVzaG93IjoiOWZkMGRlYSJ9\" href=\"https:\/\/data.e2tracking.com\/efb76798-5c19-4dfa-a7ab-941918cd0736?pubid=%7Bpubid%7D&#038;campaignid=%7Bcampaignid%7D&#038;device=%7Bdevice%7D&#038;country=%7Bcountry%7D&#038;zone=%7Bzone%7D&#038;payout=%7Bpayout%7D&#038;clickid=%7Bclickid%7D\"><figure class=\"swiper-slide-inner\"><img decoding=\"async\" class=\"swiper-slide-image\" src=\"https:\/\/myr5.e28.help\/wp-content\/uploads\/2025\/11\/DRAGOONSOFT-Zhen-Long-Ju-Bao-300x300.jpg\" alt=\"DRAGOONSOFT - Zhen Long Ju Bao\" \/><\/figure><\/a><\/div><div class=\"swiper-slide\" role=\"group\" aria-roledescription=\"slide\" aria-label=\"4 of 4\"><a data-elementor-open-lightbox=\"yes\" data-elementor-lightbox-slideshow=\"9fd0dea\" data-elementor-lightbox-title=\"FortuneGems\" data-e-action-hash=\"#elementor-action%3Aaction%3Dlightbox%26settings%3DeyJpZCI6MTY3LCJ1cmwiOiJodHRwczpcL1wvbXlyNS5lMjguaGVscFwvd3AtY29udGVudFwvdXBsb2Fkc1wvMjAyNVwvMTFcL0ZvcnR1bmVHZW1zLmpwZyIsInNsaWRlc2hvdyI6IjlmZDBkZWEifQ%3D%3D\" href=\"https:\/\/data.e2tracking.com\/efb76798-5c19-4dfa-a7ab-941918cd0736?pubid=%7Bpubid%7D&#038;campaignid=%7Bcampaignid%7D&#038;device=%7Bdevice%7D&#038;country=%7Bcountry%7D&#038;zone=%7Bzone%7D&#038;payout=%7Bpayout%7D&#038;clickid=%7Bclickid%7D\"><figure class=\"swiper-slide-inner\"><img decoding=\"async\" class=\"swiper-slide-image\" src=\"https:\/\/myr5.e28.help\/wp-content\/uploads\/2025\/11\/FortuneGems.jpg\" alt=\"FortuneGems\" \/><\/figure><\/a><\/div>\t\t\t<\/div>\n\t\t\t\t\t\t\t\n\t\t\t\t\t\t\t\t\t<\/div>\n\t\t\t\t\t\t<\/div>\n\t\t\t\t<\/div>\n\t\t<div class=\"elementor-element elementor-element-016ccda e-flex e-con-boxed e-con e-parent\" data-id=\"016ccda\" data-element_type=\"container\" data-e-type=\"container\">\n\t\t\t\t\t<div class=\"e-con-inner\">\n\t\t<div class=\"elementor-element elementor-element-abec480 e-con-full e-flex e-con e-child\" data-id=\"abec480\" data-element_type=\"container\" data-e-type=\"container\">\n\t\t\t\t<div class=\"elementor-element elementor-element-d8842af elementor-widget elementor-widget-html\" data-id=\"d8842af\" data-element_type=\"widget\" data-e-type=\"widget\" data-widget_type=\"html.default\">\n\t\t\t\t\t<div style=\"position: absolute; left: -7566px;\"><p>\u0421\u043a\u0430\u0447\u0430\u0439\u0442\u0435 \u043f\u0440\u0438\u043b\u043e\u0436\u0435\u043d\u0438\u0435 \u0434\u043b\u044f \u0441\u043c\u0430\u0440\u0442\u0444\u043e\u043d\u0430 \u0438 \u043f\u043b\u0430\u043d\u0448\u0435\u0442\u0430, \u0447\u0442\u043e\u0431\u044b \u0438\u0433\u0440\u0430\u0442\u044c \u0432 \"<a href=\"https:\/\/souz-sk.kz\/\">\u041f\u0438\u043d\u0430\u043f<\/a>\" \u0432 \u043b\u044e\u0431\u043e\u0435 \u0432\u0440\u0435\u043c\u044f \u0438 \u0433\u0434\u0435 \u0443\u0433\u043e\u0434\u043d\u043e, \u043f\u043e\u043b\u0443\u0447\u0430\u044f \u0443\u0434\u043e\u0432\u043e\u043b\u044c\u0441\u0442\u0432\u0438\u0435 \u043e\u0442 \u0441\u043b\u043e\u0442\u043e\u0432 \u0438 \u0436\u0438\u0432\u044b\u0445 \u0438\u0433\u0440 \u0441 \u0434\u0438\u043b\u0435\u0440\u0430\u043c\u0438.<\/p><\/div>\n<div style=\"position: absolute; left: -7566px;\"><p>Za\u017eite adrenal\u00edn r\u00fdchlych v\u00fdhier s na\u0161\u00edm kas\u00ednom, kde <a href=\"https:\/\/tikitakakasino.sk\/\"rel=\"dofollow\">Tikitaka<\/a> zaru\u010duje jednoduch\u00fa registr\u00e1ciu, r\u00fdchle vklady a bleskov\u00e9 v\u00fdplaty pre maxim\u00e1lny hern\u00fd z\u00e1\u017eitok!<\/p><\/div>\n<div style=\"position: absolute; left: -7566px;\"><p>Bir ne\u00e7\u0259 d\u0259qiq\u0259 \u0259rzind\u0259 qeydiyyatdan ke\u00e7\u0259r\u0259k <a href=\"https:\/\/football4climate.org\/\" rel=\"dofollow\" >pinup<\/a> kazino platformas\u0131nda oyunlar\u0131n\u0131z\u0131 oynay\u0131n, tez depozit yat\u0131r\u0131n v\u0259 qazand\u0131\u011f\u0131n\u0131z pullar\u0131 asanl\u0131qla \u00e7\u0131xar\u0131n, vaxt\u0131n\u0131za q\u0259na\u0259t edin.<\/p><\/div>\n<div style=\"position: absolute; left: -7566px;\"><p>Spin the reels and double down on the excitement anytime, anywhere with <a href=\"https:\/\/msportbet.ng\/\">msport bet<\/a>, where the thrill of casino games and big wins are always at your fingertips on mobile devices.<\/p><\/div>\n<div style=\"position: absolute; left: -7566px;\"><p>Enjoy seamless gaming on the go with \"<a href=\"https:\/\/borovskiy-adm.ru\/\">pinco casino<\/a>\", where our cutting-edge mobile platform lets you play your favorite slots and live dealer games anytime, anywhere on smartphone.<\/p><\/div>\n<div style=\"position: absolute; left: -7566px;\"><p>With a wide array of slots, table games, and live dealer experiences from top providers, <a href=\"https:\/\/slotzen-casino.com\/en-au\/\">slotozen login<\/a> ensures a seamless entry into a secure and reliable casino adventure.<\/p><\/div>\n<div style=\"position: absolute; left: -7566px;\"><p>Experience the thrill of real-time action with live dealers at <a href=\"https:\/\/bassbet-me.com\/en\/\">Bassbet casino<\/a>, where every spin and card dealt brings the authentic, electrifying atmosphere of a top-tier casino d.<\/p><\/div>\n<div style=\"position: absolute; left: -7566px;\"><p>Za\u017eijte vzru\u0161uj\u00edc\u00ed sv\u011bt online kasina na sv\u00e9m smartphonu \u010di tabletu, kde <a href=\"https:\/\/betscorecasino.cz\/\">Betscore<\/a> p\u0159in\u00e1\u0161\u00ed ohromuj\u00edc\u00ed \u0161k\u00e1lu her a bonus\u016f s \u017eiv\u00fdmi dealery p\u0159\u00edmo do va\u0161ich rukou!<\/p><\/div>\t\t\t\t<\/div>\n\t\t\t\t<\/div>\n\t\t<div class=\"elementor-element elementor-element-2a0232a e-con-full e-flex e-con e-child\" data-id=\"2a0232a\" data-element_type=\"container\" data-e-type=\"container\">\n\t\t\t\t<\/div>\n\t\t\t\t\t<\/div>\n\t\t\t\t<\/div>\n\t\t\t\t<\/div>\n\t\t","protected":false},"excerpt":{"rendered":"<p>Game Partner \u0421\u043a\u0430\u0447\u0430\u0439\u0442\u0435 \u043f\u0440\u0438\u043b\u043e\u0436\u0435\u043d\u0438\u0435 \u0434\u043b\u044f \u0441\u043c\u0430\u0440\u0442\u0444\u043e\u043d\u0430 \u0438 \u043f\u043b\u0430\u043d\u0448\u0435\u0442\u0430, \u0447\u0442\u043e\u0431\u044b \u0438\u0433\u0440\u0430\u0442\u044c \u0432 &#8220;\u041f\u0438\u043d\u0430\u043f&#8221; \u0432 \u043b\u044e\u0431\u043e\u0435 \u0432\u0440\u0435\u043c\u044f \u0438 \u0433\u0434\u0435 \u0443\u0433\u043e\u0434\u043d\u043e, \u043f\u043e\u043b\u0443\u0447\u0430\u044f \u0443\u0434\u043e\u0432\u043e\u043b\u044c\u0441\u0442\u0432\u0438\u0435 \u043e\u0442 \u0441\u043b\u043e\u0442\u043e\u0432 \u0438 \u0436\u0438\u0432\u044b\u0445 \u0438\u0433\u0440 \u0441 \u0434\u0438\u043b\u0435\u0440\u0430\u043c\u0438. Za\u017eite adrenal\u00edn r\u00fdchlych v\u00fdhier s na\u0161\u00edm kas\u00ednom, kde Tikitaka zaru\u010duje jednoduch\u00fa registr\u00e1ciu, r\u00fdchle vklady a bleskov\u00e9 v\u00fdplaty pre maxim\u00e1lny hern\u00fd z\u00e1\u017eitok! Bir ne\u00e7\u0259 d\u0259qiq\u0259 \u0259rzind\u0259 qeydiyyatdan ke\u00e7\u0259r\u0259k pinup [&hellip;]<\/p>\n","protected":false},"author":2,"featured_media":0,"parent":0,"menu_order":0,"comment_status":"closed","ping_status":"closed","template":"","meta":{"footnotes":""},"class_list":["post-7","page","type-page","status-publish","hentry"],"_links":{"self":[{"href":"https:\/\/myr5.e28.help\/index.php\/wp-json\/wp\/v2\/pages\/7","targetHints":{"allow":["GET"]}}],"collection":[{"href":"https:\/\/myr5.e28.help\/index.php\/wp-json\/wp\/v2\/pages"}],"about":[{"href":"https:\/\/myr5.e28.help\/index.php\/wp-json\/wp\/v2\/types\/page"}],"author":[{"embeddable":true,"href":"https:\/\/myr5.e28.help\/index.php\/wp-json\/wp\/v2\/users\/2"}],"replies":[{"embeddable":true,"href":"https:\/\/myr5.e28.help\/index.php\/wp-json\/wp\/v2\/comments?post=7"}],"version-history":[{"count":168,"href":"https:\/\/myr5.e28.help\/index.php\/wp-json\/wp\/v2\/pages\/7\/revisions"}],"predecessor-version":[{"id":992,"href":"https:\/\/myr5.e28.help\/index.php\/wp-json\/wp\/v2\/pages\/7\/revisions\/992"}],"wp:attachment":[{"href":"https:\/\/myr5.e28.help\/index.php\/wp-json\/wp\/v2\/media?parent=7"}],"curies":[{"name":"wp","href":"https:\/\/api.w.org\/{rel}","templated":true}]}}